{"id":1483,"date":"2024-03-22T11:32:00","date_gmt":"2024-03-22T16:32:00","guid":{"rendered":"http:\/\/eris.tkdvl.com\/?page_id=11"},"modified":"2025-12-31T09:24:20","modified_gmt":"2025-12-31T14:24:20","slug":"diseno-de-marcas","status":"publish","type":"page","link":"https:\/\/alfabetovisual.com\/en\/diseno-de-marcas\/","title":{"rendered":"DISE\u00d1O DE MARCAS"},"content":{"rendered":"<div class=\"wp-block-columns is-layout-flex wp-container-core-columns-is-layout-1 wp-block-columns-is-layout-flex\">\n<div class=\"wp-block-column is-layout-flow wp-block-column-is-layout-flow\" style=\"flex-basis:33.33%\">\n<figure class=\"wp-block-image size-full\"><a href=\"https:\/\/alfabetovisual.com\/wp-content\/uploads\/2025\/12\/AV-sistema-2.png\" data-rel=\"lightbox-image-0\" data-rl_title=\"\" data-rl_caption=\"\" title=\"\"><img loading=\"lazy\" decoding=\"async\" width=\"258\" height=\"220\" src=\"https:\/\/alfabetovisual.com\/wp-content\/uploads\/2025\/12\/AV-sistema-2.png\" alt=\"\" class=\"wp-image-6050\" srcset=\"https:\/\/alfabetovisual.com\/wp-content\/uploads\/2025\/12\/AV-sistema-2.png 258w, https:\/\/alfabetovisual.com\/wp-content\/uploads\/2025\/12\/AV-sistema-2-14x12.png 14w, https:\/\/alfabetovisual.com\/wp-content\/uploads\/2025\/12\/AV-sistema-2-160x136.png 160w\" sizes=\"(max-width: 258px) 100vw, 258px\" \/><\/a><\/figure>\n<\/div>\n\n\n\n<div class=\"wp-block-column is-layout-flow wp-block-column-is-layout-flow\" style=\"flex-basis:66.66%\">\n<p class=\"has-medium-font-size\"><strong>Dise\u00f1amos Manuales de Identidad s\u00f3lidos.<\/strong>                              En Alfabeto Visual ayudamos a empresas a crear o renovar su presencia digital, cuidando cada detalle para que tu marca destaque y se adapte a cualquier ecosistema digital.<\/p>\n<\/div>\n<\/div>\n\n\n\n<div class=\"wp-block-buttons is-content-justification-center is-layout-flex wp-container-core-buttons-is-layout-1 wp-block-buttons-is-layout-flex\">\n<div class=\"wp-block-button av-button\"><a class=\"wp-block-button__link wp-element-button\" href=\"https:\/\/alfabetovisual.com\/en\/contacto\/\" target=\"_blank\" rel=\"noreferrer noopener\">\u00a1HABL\u00c9MOS!<\/a><\/div>\n<\/div>\n\n\n\n<h3 class=\"wp-block-heading has-large-font-size\"><\/h3>\n\n\n\n<div class=\"wp-block-columns is-layout-flex wp-container-core-columns-is-layout-2 wp-block-columns-is-layout-flex\">\n<div class=\"wp-block-column is-vertically-aligned-center is-layout-flow wp-block-column-is-layout-flow\">\n<p class=\"has-text-align-left has-x-large-font-size\"><strong>SERVICIOS INCLUIDOS<\/strong><\/p>\n<\/div>\n<\/div>\n\n\n\n<div class=\"wp-block-columns is-layout-flex wp-container-core-columns-is-layout-3 wp-block-columns-is-layout-flex\">\n<div class=\"wp-block-column is-layout-flow wp-block-column-is-layout-flow\">\n<ol>\n<li><strong>Consultor\u00eda Inicial:<\/strong><\/li>\n<\/ol>\n\n\n\n<ul>\n<li>Reuni\u00f3n para entender la visi\u00f3n, misi\u00f3n y valores de la marca.<\/li>\n\n\n\n<li>An\u00e1lisis del p\u00fablico objetivo y del mercado competitivo.<\/li>\n\n\n\n<li>Creaci\u00f3n del brief, documento de punto de partida para iniciar el proceso de dise\u00f1o.<\/li>\n<\/ul>\n<\/div>\n\n\n\n<div class=\"wp-block-column is-layout-flow wp-block-column-is-layout-flow\">\n<p>    2. <strong>Dise\u00f1o de Logo:<\/strong><\/p>\n\n\n\n<ul>\n<li>Creaci\u00f3n de m\u00faltiples conceptos de dise\u00f1o de logo.<\/li>\n\n\n\n<li>Selecci\u00f3n y refinamiento del dise\u00f1o final basado en tu retroalimentaci\u00f3n.<\/li>\n\n\n\n<li>Entrega del logo en diferentes formatos y variaciones (color, monochrome, etc.).<\/li>\n<\/ul>\n<\/div>\n\n\n\n<div class=\"wp-block-column is-layout-flow wp-block-column-is-layout-flow\">\n<p>3. <strong>Brand Book:<\/strong><\/p>\n\n\n\n<ul>\n<li>Definici\u00f3n de la misi\u00f3n, visi\u00f3n y personalidad de la marca.<\/li>\n\n\n\n<li>Creaci\u00f3n de la paleta de colores y selecci\u00f3n de tipograf\u00edas.<\/li>\n\n\n\n<li>Desarrollo de gu\u00edas para el uso del logo, elementos gr\u00e1ficos y aplicaciones.<\/li>\n\n\n\n<li>Ejemplos de uso.<\/li>\n<\/ul>\n<\/div>\n<\/div>\n\n\n\n<div class=\"wp-block-columns is-layout-flex wp-container-core-columns-is-layout-4 wp-block-columns-is-layout-flex\">\n<div class=\"wp-block-column is-layout-flow wp-block-column-is-layout-flow\">\n<p>4. <strong>Revisi\u00f3n y Ajustes:<\/strong><\/p>\n\n\n\n<ul>\n<li>Dos rondas de revisiones para asegurar que el Brand Book y el logo satisfacen tus expectativas y necesidades.<\/li>\n<\/ul>\n<\/div>\n\n\n\n<div class=\"wp-block-column is-layout-flow wp-block-column-is-layout-flow\">\n<p>5. <strong>Entrega Final:<\/strong><\/p>\n\n\n\n<ul>\n<li>Proporcionamos todos los archivos digitales necesarios, junto con el Brand Book en formato PDF y cualquier material adicional acordado.<\/li>\n<\/ul>\n<\/div>\n\n\n\n<div class=\"wp-block-column is-layout-flow wp-block-column-is-layout-flow\">\n<figure class=\"wp-block-image size-full\"><a href=\"https:\/\/alfabetovisual.com\/wp-content\/uploads\/2025\/12\/AV-sistema-1.png\" data-rel=\"lightbox-image-1\" data-rl_title=\"\" data-rl_caption=\"\" title=\"\"><img loading=\"lazy\" decoding=\"async\" width=\"258\" height=\"210\" src=\"https:\/\/alfabetovisual.com\/wp-content\/uploads\/2025\/12\/AV-sistema-1.png\" alt=\"\" class=\"wp-image-6049\" srcset=\"https:\/\/alfabetovisual.com\/wp-content\/uploads\/2025\/12\/AV-sistema-1.png 258w, https:\/\/alfabetovisual.com\/wp-content\/uploads\/2025\/12\/AV-sistema-1-15x12.png 15w, https:\/\/alfabetovisual.com\/wp-content\/uploads\/2025\/12\/AV-sistema-1-160x130.png 160w\" sizes=\"(max-width: 258px) 100vw, 258px\" \/><\/a><\/figure>\n<\/div>\n<\/div>\n\n\n\n<p class=\"has-text-align-left has-x-large-font-size\"><strong>BENEFICIOS<\/strong><\/p>\n\n\n\n<div class=\"wp-block-columns is-layout-flex wp-container-core-columns-is-layout-5 wp-block-columns-is-layout-flex\">\n<div class=\"wp-block-column is-layout-flow wp-block-column-is-layout-flow\">\n<p class=\"has-medium-font-size\"><strong>Coherencia de Marca<\/strong>: Aseguramos que todos los elementos de tu marca sean visual y conceptualmente coherentes.<\/p>\n<\/div>\n\n\n\n<div class=\"wp-block-column is-layout-flow wp-block-column-is-layout-flow\">\n<p class=\"has-medium-font-size\"><strong>Reconocimiento<\/strong>:                    Un logo bien dise\u00f1ado y un Brand Book completo aumentan la visibilidad y el reconocimiento de tu marca en el mercado.<\/p>\n<\/div>\n\n\n\n<div class=\"wp-block-column is-layout-flow wp-block-column-is-layout-flow\">\n<p class=\"has-medium-font-size\"><strong>Conexi\u00f3n Emocional<\/strong>: Creamos una identidad que resuena con tu p\u00fablico objetivo, lo que fomenta la lealtad del cliente.<\/p>\n<\/div>\n<\/div>\n\n\n\n<p class=\"has-text-align-center has-x-large-font-size\"><strong>\u00bfA qui\u00e9n va dirigido este servicio?<\/strong><\/p>\n\n\n\n<div class=\"wp-block-columns is-layout-flex wp-container-core-columns-is-layout-6 wp-block-columns-is-layout-flex\">\n<div class=\"wp-block-column is-layout-flow wp-block-column-is-layout-flow\">\n<ul>\n<li class=\"has-medium-font-size\">Nuevas empresas que buscan construir su identidad de marca desde cero.<\/li>\n<\/ul>\n<\/div>\n\n\n\n<div class=\"wp-block-column is-layout-flow wp-block-column-is-layout-flow\">\n<ul>\n<li class=\"has-medium-font-size\">Negocios establecidos que desean rebranding o una actualizaci\u00f3n de su logo y Brand Book.<\/li>\n<\/ul>\n<\/div>\n<\/div>\n\n\n\n<div class=\"wp-block-buttons is-content-justification-center is-layout-flex wp-container-core-buttons-is-layout-2 wp-block-buttons-is-layout-flex\">\n<div class=\"wp-block-button av-button\"><a class=\"wp-block-button__link wp-element-button\" href=\"https:\/\/alfabetovisual.com\/en\/contacto\/\" target=\"_blank\" rel=\"noreferrer noopener\">\u00a1HABL\u00c9MOS!<\/a><\/div>\n<\/div>\n\n\n\n<h3 class=\"wp-block-heading has-large-font-size\"><\/h3>\n\n\n\n<p><\/p>\n\n\n\n\n\n<p><\/p>","protected":false},"excerpt":{"rendered":"<p>Dise\u00f1amos Manuales de Identidad s\u00f3lidos. En Alfabeto Visual ayudamos a empresas a crear o renovar su presencia digital, cuidando cada detalle para que tu marca destaque y se adapte a cualquier ecosistema digital. SERVICIOS INCLUIDOS 2. Dise\u00f1o de Logo: 3. Brand Book: 4. Revisi\u00f3n y Ajustes: 5. Entrega Final: BENEFICIOS Coherencia de Marca: Aseguramos que [&hellip;]<\/p>\n<a class=\"read-more-link\" href=\" https:\/\/alfabetovisual.com\/en\/diseno-de-marcas\/ \">Read more<\/a>","protected":false},"author":2,"featured_media":0,"parent":0,"menu_order":0,"comment_status":"closed","ping_status":"closed","template":"","meta":{"content-type":"","om_disable_all_campaigns":false,"_monsterinsights_skip_tracking":false,"_monsterinsights_sitenote_active":false,"_monsterinsights_sitenote_note":"","_monsterinsights_sitenote_category":0,"footnotes":""},"aioseo_notices":[],"_links":{"self":[{"href":"https:\/\/alfabetovisual.com\/en\/wp-json\/wp\/v2\/pages\/1483"}],"collection":[{"href":"https:\/\/alfabetovisual.com\/en\/wp-json\/wp\/v2\/pages"}],"about":[{"href":"https:\/\/alfabetovisual.com\/en\/wp-json\/wp\/v2\/types\/page"}],"author":[{"embeddable":true,"href":"https:\/\/alfabetovisual.com\/en\/wp-json\/wp\/v2\/users\/2"}],"replies":[{"embeddable":true,"href":"https:\/\/alfabetovisual.com\/en\/wp-json\/wp\/v2\/comments?post=1483"}],"version-history":[{"count":177,"href":"https:\/\/alfabetovisual.com\/en\/wp-json\/wp\/v2\/pages\/1483\/revisions"}],"predecessor-version":[{"id":6051,"href":"https:\/\/alfabetovisual.com\/en\/wp-json\/wp\/v2\/pages\/1483\/revisions\/6051"}],"wp:attachment":[{"href":"https:\/\/alfabetovisual.com\/en\/wp-json\/wp\/v2\/media?parent=1483"}],"curies":[{"name":"wp","href":"https:\/\/api.w.org\/{rel}","templated":true}]}}